{"id":11448,"date":"2024-07-05T10:35:56","date_gmt":"2024-07-05T08:35:56","guid":{"rendered":"https:\/\/www.visitdolenjska.eu\/ein-anglerparadies-in-der-region-dolenjska\/"},"modified":"2025-06-23T13:02:40","modified_gmt":"2025-06-23T11:02:40","slug":"ein-anglerparadies-in-der-region-dolenjska","status":"publish","type":"page","link":"https:\/\/www.visitdolenjska.eu\/de\/ein-anglerparadies-in-der-region-dolenjska\/","title":{"rendered":"Ein Anglerparadies in der Region Dolenjska"},"content":{"rendered":"\n<h3 class=\"wp-block-heading\">Fluss Krka \u2014 ein Anglerparadies<\/h3>\n\n<p><a href=\"https:\/\/www.visitdolenjska.eu\/de\/angebot\/fluss-krka\/\">Die Krka<\/a>, 59\u202fkm lang, beherbergt zahlreiche Fischarten, die unvergesslichen Angelspa\u00df bieten. Die Ukelei (Alburnus alburnus), die Hauptart unter den Karpfenfischen, sowie die Nase geh\u00f6ren zu den beliebtesten Fischen f\u00fcr Angler. Geangelt wird oft mit Brot und Mistw\u00fcrmern, wobei Wasserpflanzenmoos ein beliebter K\u00f6der ist. An hei\u00dfen Sommertagen ist das Angeln auf Ukelei oder Nase im Herzen von Novo mesto oder rund um Oto\u010dec ein wahrer Genuss.   <\/p>\n\n<p>Die Krka bietet auch hervorragende M\u00f6glichkeiten zum Hecht- und Welsangeln. Hechte sind im Fluss gut vertreten, sodass das Angeln abwechslungsreich und voller \u00dcberraschungen ist. Das Angeln vom Boot aus auf der gr\u00fcnen Sch\u00f6nheit Krka ist ein besonderes Vergn\u00fcgen, besonders beim Hecht- und Welsfang an Sommerabenden.  <\/p>\n\n<h4 class=\"wp-block-heading\">Angelgebiete an der Krka<\/h4>\n\n<ul class=\"wp-block-list\">\n<li><br\/><strong>1.Revier (Salmoniden-Revier): <\/strong>Bachforelle, Regenbogenforelle und \u00c4sche.<\/li>\n\n\n\n<li><strong>2. Revier (gemischtes Salmoniden-Karpfenfisch-Revier): <\/strong>Bachforelle, Regenbogenforelle, \u00c4sche, Nase, Ukelei, Wels, Rotfeder, Rotauge, D\u00f6bel, Barbe, Aland, Rapfen, Gr\u00fcndling, Karpfen, Schleie und Hecht.<\/li>\n<\/ul>\n\n<p>Angelscheine k\u00f6nnen <a href=\"https:\/\/www.ribiskekarte.si\/\" target=\"_blank\" rel=\"noreferrer noopener\">online<\/a> oder an den Verkaufsstellen der <a href=\"https:\/\/www.visitdolenjska.eu\/de\/angebot\/anglerverein-novo-mesto\/\">RD Novo mesto <\/a>erworben werden.<\/p>\n\n<p><\/p>\n\n<h3 class=\"wp-block-heading\">Bach Rade\u0161\u010dica \u2014 ideal zum Fliegenfischen<\/h3>\n\n<p>Der Bach Rade\u0161\u010dica ist einer der beliebtesten Zufl\u00fcsse der Krka zum Fliegenfischen. Die Angelsaison beginnt im oberen Teil des Baches am 1. M\u00e4rz und im unteren Teil am 1. Mai und endet am 30. November. Im Rade\u0161\u010dica leben Bachforelle, Regenbogenforelle und \u00c4sche, die ein gro\u00dfes Potenzial f\u00fcr Wachstum und Entwicklung hat. <strong>Lesen Sie<a href=\"https:\/\/www.visitdolenjska.eu\/de\/angebot\/angeln\/\"> mehr<\/a><\/strong>      <\/p>\n\n<p>Die Angelschein kostet 34\u202f\u20ac und kann im <a href=\"https:\/\/www.visitdolenjska.eu\/de\/angebot\/pub-pri-mostu\/\">Pub Pri Mostu <\/a>oder <a href=\"https:\/\/www.ribiskekarte.si\/\" target=\"_blank\" rel=\"noreferrer noopener\">online<\/a> gekauft werden.<\/p>\n\n<p><\/p>\n\n<h3 class=\"wp-block-heading\">Teich Blato \u2014 idyllisches Angeln<\/h3>\n\n<p>Der Teich Blato liegt in idyllischer Umgebung in der N\u00e4he von Trebnje und umfasst 1,2\u202fHektar. Im Teich schwimmen verschiedene Karpfenfischarten wie Karpfen, Schleien, Brassen und Zander. Besonders hervorzuheben sind ein Troph\u00e4en-Wels (220\u202fcm, 53\u202fkg) und Karpfen mit einem Gewicht von \u00fcber 10\u202fkg.  <\/p>\n\n<p>Die Angelschein kostet 16\u202f\u20ac und kann an den physischen Verkaufsstellen der <a href=\"https:\/\/www.visitdolenjska.eu\/de\/angebot\/anglerverein-novo-mesto\/\">RD Novo mesto<\/a> oder <a href=\"https:\/\/www.ribiskekarte.si\/\" target=\"_blank\" rel=\"noreferrer noopener\">online<\/a> gekauft werden.<\/p>\n\n<p><\/p>\n\n<h3 class=\"wp-block-heading\">Bach Te\u017eka voda \u2014 Salmoniden- und Karpfenfische<\/h3>\n\n<p>Im Bach Te\u017eka voda findet man sowohl Salmoniden- als auch Karpfenfischarten. Die Angelsaison dauert vom 1. April bis zum 30. September. Die Angelschein kostet 35\u202f\u20ac und kann <a href=\"https:\/\/www.ribiskekarte.si\/\" target=\"_blank\" rel=\"noreferrer noopener\">online<\/a> oder an physischen Verkaufsstellen gekauft werden.    <\/p>\n\n<p><\/p>\n\n<h3 class=\"wp-block-heading\">Fluss Temenica \u2014 ein einzigartiger Fluss mit reicher Biodiversit\u00e4t<\/h3>\n\n<p>Der Fluss Temenica, der gr\u00f6\u00dfte Zufluss der Krka, ist bekannt f\u00fcr seinen einzigartigen Verlauf, bei dem er zweimal im Untergrund verschwindet. In der Temenica leben Bachforelle, Hecht, D\u00f6bel, Karpfen, Schleie, Ukelei, Aitel, Rotauge und Rotfeder. Die Angelschein kostet 15\u202f\u20ac und ist <a href=\"https:\/\/www.ribiskekarte.si\/\" target=\"_blank\" rel=\"noreferrer noopener\">online<\/a> oder an physischen Verkaufsstellen erh\u00e4ltlich.  <\/p>\n\n<p><\/p>\n\n<p><\/p>\n","protected":false},"excerpt":{"rendered":"<p>Fluss Krka \u2014 ein Anglerparadies Die Krka, 59\u202fkm lang, beherbergt zahlreiche Fischarten, die unvergesslichen Angelspa\u00df bieten. Die Ukelei (Alburnus alburnus), die Hauptart unter den Karpfenfischen, sowie die Nase geh\u00f6ren zu den beliebtesten Fischen f\u00fcr Angler. Geangelt wird oft mit Brot und Mistw\u00fcrmern, wobei Wasserpflanzenmoos ein beliebter K\u00f6der ist. An hei\u00dfen Sommertagen ist das Angeln auf [&hellip;]<\/p>\n","protected":false},"author":2,"featured_media":8943,"parent":0,"menu_order":0,"comment_status":"closed","ping_status":"closed","template":"","meta":{"_acf_changed":false,"footnotes":""},"class_list":["post-11448","page","type-page","status-publish","has-post-thumbnail","hentry"],"acf":[],"yoast_head":"<!-- This site is optimized with the Yoast SEO plugin v27.3 - https:\/\/yoast.com\/product\/yoast-seo-wordpress\/ -->\n<title>Ein Anglerparadies in der Region Dolenjska - VisitDolenjska<\/title>\n<meta name=\"description\" content=\"Dolenjska bietet vielf\u00e4ltige Angelm\u00f6glichkeiten, von ruhigen Fl\u00fcssen bis zu idyllischen Teichen. Angelgenehmigungen sind online oder an Verkaufsstellen erh\u00e4ltlich.\" \/>\n<meta name=\"robots\" content=\"index, follow, max-snippet:-1, max-image-preview:large, max-video-preview:-1\" \/>\n<link rel=\"canonical\" href=\"https:\/\/www.visitdolenjska.eu\/de\/ein-anglerparadies-in-der-region-dolenjska\/\" \/>\n<meta property=\"og:locale\" content=\"de_DE\" \/>\n<meta property=\"og:type\" content=\"article\" \/>\n<meta property=\"og:title\" content=\"Ein Anglerparadies in der Region Dolenjska - VisitDolenjska\" \/>\n<meta property=\"og:description\" content=\"Dolenjska bietet vielf\u00e4ltige Angelm\u00f6glichkeiten, von ruhigen Fl\u00fcssen bis zu idyllischen Teichen. Angelgenehmigungen sind online oder an Verkaufsstellen erh\u00e4ltlich.\" \/>\n<meta property=\"og:url\" content=\"https:\/\/www.visitdolenjska.eu\/de\/ein-anglerparadies-in-der-region-dolenjska\/\" \/>\n<meta property=\"og:site_name\" content=\"VisitDolenjska\" \/>\n<meta property=\"article:modified_time\" content=\"2025-06-23T11:02:40+00:00\" \/>\n<meta property=\"og:image\" content=\"https:\/\/www.visitdolenjska.eu\/wp-content\/uploads\/ribolov-visitdolenjska.jpg\" \/>\n\t<meta property=\"og:image:width\" content=\"800\" \/>\n\t<meta property=\"og:image:height\" content=\"800\" \/>\n\t<meta property=\"og:image:type\" content=\"image\/jpeg\" \/>\n<meta name=\"twitter:card\" content=\"summary_large_image\" \/>\n<script type=\"application\/ld+json\" class=\"yoast-schema-graph\">{\"@context\":\"https:\\\/\\\/schema.org\",\"@graph\":[{\"@type\":\"WebPage\",\"@id\":\"https:\\\/\\\/www.visitdolenjska.eu\\\/de\\\/ein-anglerparadies-in-der-region-dolenjska\\\/\",\"url\":\"https:\\\/\\\/www.visitdolenjska.eu\\\/de\\\/ein-anglerparadies-in-der-region-dolenjska\\\/\",\"name\":\"Ein Anglerparadies in der Region Dolenjska - VisitDolenjska\",\"isPartOf\":{\"@id\":\"https:\\\/\\\/www.visitdolenjska.eu\\\/de\\\/#website\"},\"primaryImageOfPage\":{\"@id\":\"https:\\\/\\\/www.visitdolenjska.eu\\\/de\\\/ein-anglerparadies-in-der-region-dolenjska\\\/#primaryimage\"},\"image\":{\"@id\":\"https:\\\/\\\/www.visitdolenjska.eu\\\/de\\\/ein-anglerparadies-in-der-region-dolenjska\\\/#primaryimage\"},\"thumbnailUrl\":\"https:\\\/\\\/www.visitdolenjska.eu\\\/wp-content\\\/uploads\\\/ribolov-visitdolenjska.jpg\",\"datePublished\":\"2024-07-05T08:35:56+00:00\",\"dateModified\":\"2025-06-23T11:02:40+00:00\",\"description\":\"Dolenjska bietet vielf\u00e4ltige Angelm\u00f6glichkeiten, von ruhigen Fl\u00fcssen bis zu idyllischen Teichen. Angelgenehmigungen sind online oder an Verkaufsstellen erh\u00e4ltlich.\",\"breadcrumb\":{\"@id\":\"https:\\\/\\\/www.visitdolenjska.eu\\\/de\\\/ein-anglerparadies-in-der-region-dolenjska\\\/#breadcrumb\"},\"inLanguage\":\"de\",\"potentialAction\":[{\"@type\":\"ReadAction\",\"target\":[\"https:\\\/\\\/www.visitdolenjska.eu\\\/de\\\/ein-anglerparadies-in-der-region-dolenjska\\\/\"]}]},{\"@type\":\"ImageObject\",\"inLanguage\":\"de\",\"@id\":\"https:\\\/\\\/www.visitdolenjska.eu\\\/de\\\/ein-anglerparadies-in-der-region-dolenjska\\\/#primaryimage\",\"url\":\"https:\\\/\\\/www.visitdolenjska.eu\\\/wp-content\\\/uploads\\\/ribolov-visitdolenjska.jpg\",\"contentUrl\":\"https:\\\/\\\/www.visitdolenjska.eu\\\/wp-content\\\/uploads\\\/ribolov-visitdolenjska.jpg\",\"width\":800,\"height\":800},{\"@type\":\"BreadcrumbList\",\"@id\":\"https:\\\/\\\/www.visitdolenjska.eu\\\/de\\\/ein-anglerparadies-in-der-region-dolenjska\\\/#breadcrumb\",\"itemListElement\":[{\"@type\":\"ListItem\",\"position\":1,\"name\":\"Home\",\"item\":\"https:\\\/\\\/www.visitdolenjska.eu\\\/de\\\/\"},{\"@type\":\"ListItem\",\"position\":2,\"name\":\"Ein Anglerparadies in der Region Dolenjska\"}]},{\"@type\":\"WebSite\",\"@id\":\"https:\\\/\\\/www.visitdolenjska.eu\\\/de\\\/#website\",\"url\":\"https:\\\/\\\/www.visitdolenjska.eu\\\/de\\\/\",\"name\":\"VisitDolenjska\",\"description\":\"\",\"potentialAction\":[{\"@type\":\"SearchAction\",\"target\":{\"@type\":\"EntryPoint\",\"urlTemplate\":\"https:\\\/\\\/www.visitdolenjska.eu\\\/de\\\/?s={search_term_string}\"},\"query-input\":{\"@type\":\"PropertyValueSpecification\",\"valueRequired\":true,\"valueName\":\"search_term_string\"}}],\"inLanguage\":\"de\"}]}<\/script>\n<!-- \/ Yoast SEO plugin. -->","yoast_head_json":{"title":"Ein Anglerparadies in der Region Dolenjska - VisitDolenjska","description":"Dolenjska bietet vielf\u00e4ltige Angelm\u00f6glichkeiten, von ruhigen Fl\u00fcssen bis zu idyllischen Teichen. Angelgenehmigungen sind online oder an Verkaufsstellen erh\u00e4ltlich.","robots":{"index":"index","follow":"follow","max-snippet":"max-snippet:-1","max-image-preview":"max-image-preview:large","max-video-preview":"max-video-preview:-1"},"canonical":"https:\/\/www.visitdolenjska.eu\/de\/ein-anglerparadies-in-der-region-dolenjska\/","og_locale":"de_DE","og_type":"article","og_title":"Ein Anglerparadies in der Region Dolenjska - VisitDolenjska","og_description":"Dolenjska bietet vielf\u00e4ltige Angelm\u00f6glichkeiten, von ruhigen Fl\u00fcssen bis zu idyllischen Teichen. Angelgenehmigungen sind online oder an Verkaufsstellen erh\u00e4ltlich.","og_url":"https:\/\/www.visitdolenjska.eu\/de\/ein-anglerparadies-in-der-region-dolenjska\/","og_site_name":"VisitDolenjska","article_modified_time":"2025-06-23T11:02:40+00:00","og_image":[{"width":800,"height":800,"url":"https:\/\/www.visitdolenjska.eu\/wp-content\/uploads\/ribolov-visitdolenjska.jpg","type":"image\/jpeg"}],"twitter_card":"summary_large_image","schema":{"@context":"https:\/\/schema.org","@graph":[{"@type":"WebPage","@id":"https:\/\/www.visitdolenjska.eu\/de\/ein-anglerparadies-in-der-region-dolenjska\/","url":"https:\/\/www.visitdolenjska.eu\/de\/ein-anglerparadies-in-der-region-dolenjska\/","name":"Ein Anglerparadies in der Region Dolenjska - VisitDolenjska","isPartOf":{"@id":"https:\/\/www.visitdolenjska.eu\/de\/#website"},"primaryImageOfPage":{"@id":"https:\/\/www.visitdolenjska.eu\/de\/ein-anglerparadies-in-der-region-dolenjska\/#primaryimage"},"image":{"@id":"https:\/\/www.visitdolenjska.eu\/de\/ein-anglerparadies-in-der-region-dolenjska\/#primaryimage"},"thumbnailUrl":"https:\/\/www.visitdolenjska.eu\/wp-content\/uploads\/ribolov-visitdolenjska.jpg","datePublished":"2024-07-05T08:35:56+00:00","dateModified":"2025-06-23T11:02:40+00:00","description":"Dolenjska bietet vielf\u00e4ltige Angelm\u00f6glichkeiten, von ruhigen Fl\u00fcssen bis zu idyllischen Teichen. Angelgenehmigungen sind online oder an Verkaufsstellen erh\u00e4ltlich.","breadcrumb":{"@id":"https:\/\/www.visitdolenjska.eu\/de\/ein-anglerparadies-in-der-region-dolenjska\/#breadcrumb"},"inLanguage":"de","potentialAction":[{"@type":"ReadAction","target":["https:\/\/www.visitdolenjska.eu\/de\/ein-anglerparadies-in-der-region-dolenjska\/"]}]},{"@type":"ImageObject","inLanguage":"de","@id":"https:\/\/www.visitdolenjska.eu\/de\/ein-anglerparadies-in-der-region-dolenjska\/#primaryimage","url":"https:\/\/www.visitdolenjska.eu\/wp-content\/uploads\/ribolov-visitdolenjska.jpg","contentUrl":"https:\/\/www.visitdolenjska.eu\/wp-content\/uploads\/ribolov-visitdolenjska.jpg","width":800,"height":800},{"@type":"BreadcrumbList","@id":"https:\/\/www.visitdolenjska.eu\/de\/ein-anglerparadies-in-der-region-dolenjska\/#breadcrumb","itemListElement":[{"@type":"ListItem","position":1,"name":"Home","item":"https:\/\/www.visitdolenjska.eu\/de\/"},{"@type":"ListItem","position":2,"name":"Ein Anglerparadies in der Region Dolenjska"}]},{"@type":"WebSite","@id":"https:\/\/www.visitdolenjska.eu\/de\/#website","url":"https:\/\/www.visitdolenjska.eu\/de\/","name":"VisitDolenjska","description":"","potentialAction":[{"@type":"SearchAction","target":{"@type":"EntryPoint","urlTemplate":"https:\/\/www.visitdolenjska.eu\/de\/?s={search_term_string}"},"query-input":{"@type":"PropertyValueSpecification","valueRequired":true,"valueName":"search_term_string"}}],"inLanguage":"de"}]}},"_links":{"self":[{"href":"https:\/\/www.visitdolenjska.eu\/de\/wp-json\/wp\/v2\/pages\/11448","targetHints":{"allow":["GET"]}}],"collection":[{"href":"https:\/\/www.visitdolenjska.eu\/de\/wp-json\/wp\/v2\/pages"}],"about":[{"href":"https:\/\/www.visitdolenjska.eu\/de\/wp-json\/wp\/v2\/types\/page"}],"author":[{"embeddable":true,"href":"https:\/\/www.visitdolenjska.eu\/de\/wp-json\/wp\/v2\/users\/2"}],"replies":[{"embeddable":true,"href":"https:\/\/www.visitdolenjska.eu\/de\/wp-json\/wp\/v2\/comments?post=11448"}],"version-history":[{"count":0,"href":"https:\/\/www.visitdolenjska.eu\/de\/wp-json\/wp\/v2\/pages\/11448\/revisions"}],"wp:featuredmedia":[{"embeddable":true,"href":"https:\/\/www.visitdolenjska.eu\/de\/wp-json\/wp\/v2\/media\/8943"}],"wp:attachment":[{"href":"https:\/\/www.visitdolenjska.eu\/de\/wp-json\/wp\/v2\/media?parent=11448"}],"curies":[{"name":"wp","href":"https:\/\/api.w.org\/{rel}","templated":true}]}}