{"id":11580,"date":"2023-11-09T14:59:17","date_gmt":"2023-11-09T13:59:17","guid":{"rendered":"https:\/\/www.visitdolenjska.eu\/touristische-reisefuehrer\/"},"modified":"2025-08-05T14:20:44","modified_gmt":"2025-08-05T12:20:44","slug":"touristische-reisefuehrer","status":"publish","type":"page","link":"https:\/\/www.visitdolenjska.eu\/de\/touristische-reisefuehrer\/","title":{"rendered":"Touristische Reisef\u00fchrer"},"content":{"rendered":"\n<p>Ein Reiseleiter, der sich bestens in der lokalen Umgebung auskennt und spannende Geschichten erz\u00e4hlen kann, ist ein zentraler Bestandteil f\u00fcr unvergessliche Erlebnisse jeder Besuchergruppe in der Destination. Sein Wissen bereichert das Reiseerlebnis und erm\u00f6glicht es den G\u00e4sten, den Zauber und die Geheimnisse des Ortes wirklich zu entdecken. Mit Begeisterung und originellen Informationen tr\u00e4gt der Reiseleiter dazu bei, eine Reise zu gestalten, die bleibende Erinnerungen hinterl\u00e4sst.  <\/p>\n\n<p>Ihren Reiseleiter k\u00f6nnen Sie direkt kontaktieren oder eine F\u00fchrung wird f\u00fcr Sie im nahegelegenen <a href=\"https:\/\/www.visitdolenjska.eu\/de\/kontakt\/\">Tourismusinformationszentrum<\/a> organisiert.<\/p>\n","protected":false},"excerpt":{"rendered":"<p>Ein Reiseleiter, der sich bestens in der lokalen Umgebung auskennt und spannende Geschichten erz\u00e4hlen kann, ist ein zentraler Bestandteil f\u00fcr unvergessliche Erlebnisse jeder Besuchergruppe in der Destination. Sein Wissen bereichert das Reiseerlebnis und erm\u00f6glicht es den G\u00e4sten, den Zauber und die Geheimnisse des Ortes wirklich zu entdecken. Mit Begeisterung und originellen Informationen tr\u00e4gt der Reiseleiter [&hellip;]<\/p>\n","protected":false},"author":2,"featured_media":0,"parent":0,"menu_order":0,"comment_status":"closed","ping_status":"closed","template":"","meta":{"_acf_changed":false,"footnotes":""},"class_list":["post-11580","page","type-page","status-publish","hentry"],"acf":[],"yoast_head":"<!-- This site is optimized with the Yoast SEO plugin v27.3 - https:\/\/yoast.com\/product\/yoast-seo-wordpress\/ -->\n<title>Der lokale Reiseleiter kennt die regionalen Geschichten aus der Region Dolenjska.<\/title>\n<meta name=\"description\" content=\"Der Reiseleiter ist ein Schl\u00fcsselelement f\u00fcr unvergessliche Erlebnisse von Besuchern einer Destination. Durch sein Wissen \u00fcber die lokale Umgebung sowie das lebendige Erz\u00e4hlen der Geschichte und Geheimnisse des Ortes bereichert er jede Reise, erm\u00f6glicht den G\u00e4sten authentische Erlebnisse und hinterl\u00e4sst bleibende Eindr\u00fccke. Entdecken Sie die aktuelle Liste der lokalen, lizenzierten Reiseleiter in der Region Dolenjska.\" \/>\n<meta name=\"robots\" content=\"index, follow, max-snippet:-1, max-image-preview:large, max-video-preview:-1\" \/>\n<link rel=\"canonical\" href=\"https:\/\/www.visitdolenjska.eu\/de\/touristische-reisefuehrer\/\" \/>\n<meta property=\"og:locale\" content=\"de_DE\" \/>\n<meta property=\"og:type\" content=\"article\" \/>\n<meta property=\"og:title\" content=\"Der lokale Reiseleiter kennt die regionalen Geschichten aus der Region Dolenjska.\" \/>\n<meta property=\"og:description\" content=\"Der Reiseleiter ist ein Schl\u00fcsselelement f\u00fcr unvergessliche Erlebnisse von Besuchern einer Destination. Durch sein Wissen \u00fcber die lokale Umgebung sowie das lebendige Erz\u00e4hlen der Geschichte und Geheimnisse des Ortes bereichert er jede Reise, erm\u00f6glicht den G\u00e4sten authentische Erlebnisse und hinterl\u00e4sst bleibende Eindr\u00fccke. Entdecken Sie die aktuelle Liste der lokalen, lizenzierten Reiseleiter in der Region Dolenjska.\" \/>\n<meta property=\"og:url\" content=\"https:\/\/www.visitdolenjska.eu\/de\/touristische-reisefuehrer\/\" \/>\n<meta property=\"og:site_name\" content=\"VisitDolenjska\" \/>\n<meta property=\"article:modified_time\" content=\"2025-08-05T12:20:44+00:00\" \/>\n<meta name=\"twitter:card\" content=\"summary_large_image\" \/>\n<script type=\"application\/ld+json\" class=\"yoast-schema-graph\">{\"@context\":\"https:\\\/\\\/schema.org\",\"@graph\":[{\"@type\":\"WebPage\",\"@id\":\"https:\\\/\\\/www.visitdolenjska.eu\\\/de\\\/touristische-reisefuehrer\\\/\",\"url\":\"https:\\\/\\\/www.visitdolenjska.eu\\\/de\\\/touristische-reisefuehrer\\\/\",\"name\":\"Der lokale Reiseleiter kennt die regionalen Geschichten aus der Region Dolenjska.\",\"isPartOf\":{\"@id\":\"https:\\\/\\\/www.visitdolenjska.eu\\\/de\\\/#website\"},\"datePublished\":\"2023-11-09T13:59:17+00:00\",\"dateModified\":\"2025-08-05T12:20:44+00:00\",\"description\":\"Der Reiseleiter ist ein Schl\u00fcsselelement f\u00fcr unvergessliche Erlebnisse von Besuchern einer Destination. Durch sein Wissen \u00fcber die lokale Umgebung sowie das lebendige Erz\u00e4hlen der Geschichte und Geheimnisse des Ortes bereichert er jede Reise, erm\u00f6glicht den G\u00e4sten authentische Erlebnisse und hinterl\u00e4sst bleibende Eindr\u00fccke. Entdecken Sie die aktuelle Liste der lokalen, lizenzierten Reiseleiter in der Region Dolenjska.\",\"breadcrumb\":{\"@id\":\"https:\\\/\\\/www.visitdolenjska.eu\\\/de\\\/touristische-reisefuehrer\\\/#breadcrumb\"},\"inLanguage\":\"de\",\"potentialAction\":[{\"@type\":\"ReadAction\",\"target\":[\"https:\\\/\\\/www.visitdolenjska.eu\\\/de\\\/touristische-reisefuehrer\\\/\"]}]},{\"@type\":\"BreadcrumbList\",\"@id\":\"https:\\\/\\\/www.visitdolenjska.eu\\\/de\\\/touristische-reisefuehrer\\\/#breadcrumb\",\"itemListElement\":[{\"@type\":\"ListItem\",\"position\":1,\"name\":\"Home\",\"item\":\"https:\\\/\\\/www.visitdolenjska.eu\\\/de\\\/\"},{\"@type\":\"ListItem\",\"position\":2,\"name\":\"Touristische Reisef\u00fchrer\"}]},{\"@type\":\"WebSite\",\"@id\":\"https:\\\/\\\/www.visitdolenjska.eu\\\/de\\\/#website\",\"url\":\"https:\\\/\\\/www.visitdolenjska.eu\\\/de\\\/\",\"name\":\"VisitDolenjska\",\"description\":\"\",\"potentialAction\":[{\"@type\":\"SearchAction\",\"target\":{\"@type\":\"EntryPoint\",\"urlTemplate\":\"https:\\\/\\\/www.visitdolenjska.eu\\\/de\\\/?s={search_term_string}\"},\"query-input\":{\"@type\":\"PropertyValueSpecification\",\"valueRequired\":true,\"valueName\":\"search_term_string\"}}],\"inLanguage\":\"de\"}]}<\/script>\n<!-- \/ Yoast SEO plugin. -->","yoast_head_json":{"title":"Der lokale Reiseleiter kennt die regionalen Geschichten aus der Region Dolenjska.","description":"Der Reiseleiter ist ein Schl\u00fcsselelement f\u00fcr unvergessliche Erlebnisse von Besuchern einer Destination. Durch sein Wissen \u00fcber die lokale Umgebung sowie das lebendige Erz\u00e4hlen der Geschichte und Geheimnisse des Ortes bereichert er jede Reise, erm\u00f6glicht den G\u00e4sten authentische Erlebnisse und hinterl\u00e4sst bleibende Eindr\u00fccke. Entdecken Sie die aktuelle Liste der lokalen, lizenzierten Reiseleiter in der Region Dolenjska.","robots":{"index":"index","follow":"follow","max-snippet":"max-snippet:-1","max-image-preview":"max-image-preview:large","max-video-preview":"max-video-preview:-1"},"canonical":"https:\/\/www.visitdolenjska.eu\/de\/touristische-reisefuehrer\/","og_locale":"de_DE","og_type":"article","og_title":"Der lokale Reiseleiter kennt die regionalen Geschichten aus der Region Dolenjska.","og_description":"Der Reiseleiter ist ein Schl\u00fcsselelement f\u00fcr unvergessliche Erlebnisse von Besuchern einer Destination. Durch sein Wissen \u00fcber die lokale Umgebung sowie das lebendige Erz\u00e4hlen der Geschichte und Geheimnisse des Ortes bereichert er jede Reise, erm\u00f6glicht den G\u00e4sten authentische Erlebnisse und hinterl\u00e4sst bleibende Eindr\u00fccke. Entdecken Sie die aktuelle Liste der lokalen, lizenzierten Reiseleiter in der Region Dolenjska.","og_url":"https:\/\/www.visitdolenjska.eu\/de\/touristische-reisefuehrer\/","og_site_name":"VisitDolenjska","article_modified_time":"2025-08-05T12:20:44+00:00","twitter_card":"summary_large_image","schema":{"@context":"https:\/\/schema.org","@graph":[{"@type":"WebPage","@id":"https:\/\/www.visitdolenjska.eu\/de\/touristische-reisefuehrer\/","url":"https:\/\/www.visitdolenjska.eu\/de\/touristische-reisefuehrer\/","name":"Der lokale Reiseleiter kennt die regionalen Geschichten aus der Region Dolenjska.","isPartOf":{"@id":"https:\/\/www.visitdolenjska.eu\/de\/#website"},"datePublished":"2023-11-09T13:59:17+00:00","dateModified":"2025-08-05T12:20:44+00:00","description":"Der Reiseleiter ist ein Schl\u00fcsselelement f\u00fcr unvergessliche Erlebnisse von Besuchern einer Destination. Durch sein Wissen \u00fcber die lokale Umgebung sowie das lebendige Erz\u00e4hlen der Geschichte und Geheimnisse des Ortes bereichert er jede Reise, erm\u00f6glicht den G\u00e4sten authentische Erlebnisse und hinterl\u00e4sst bleibende Eindr\u00fccke. Entdecken Sie die aktuelle Liste der lokalen, lizenzierten Reiseleiter in der Region Dolenjska.","breadcrumb":{"@id":"https:\/\/www.visitdolenjska.eu\/de\/touristische-reisefuehrer\/#breadcrumb"},"inLanguage":"de","potentialAction":[{"@type":"ReadAction","target":["https:\/\/www.visitdolenjska.eu\/de\/touristische-reisefuehrer\/"]}]},{"@type":"BreadcrumbList","@id":"https:\/\/www.visitdolenjska.eu\/de\/touristische-reisefuehrer\/#breadcrumb","itemListElement":[{"@type":"ListItem","position":1,"name":"Home","item":"https:\/\/www.visitdolenjska.eu\/de\/"},{"@type":"ListItem","position":2,"name":"Touristische Reisef\u00fchrer"}]},{"@type":"WebSite","@id":"https:\/\/www.visitdolenjska.eu\/de\/#website","url":"https:\/\/www.visitdolenjska.eu\/de\/","name":"VisitDolenjska","description":"","potentialAction":[{"@type":"SearchAction","target":{"@type":"EntryPoint","urlTemplate":"https:\/\/www.visitdolenjska.eu\/de\/?s={search_term_string}"},"query-input":{"@type":"PropertyValueSpecification","valueRequired":true,"valueName":"search_term_string"}}],"inLanguage":"de"}]}},"_links":{"self":[{"href":"https:\/\/www.visitdolenjska.eu\/de\/wp-json\/wp\/v2\/pages\/11580","targetHints":{"allow":["GET"]}}],"collection":[{"href":"https:\/\/www.visitdolenjska.eu\/de\/wp-json\/wp\/v2\/pages"}],"about":[{"href":"https:\/\/www.visitdolenjska.eu\/de\/wp-json\/wp\/v2\/types\/page"}],"author":[{"embeddable":true,"href":"https:\/\/www.visitdolenjska.eu\/de\/wp-json\/wp\/v2\/users\/2"}],"replies":[{"embeddable":true,"href":"https:\/\/www.visitdolenjska.eu\/de\/wp-json\/wp\/v2\/comments?post=11580"}],"version-history":[{"count":0,"href":"https:\/\/www.visitdolenjska.eu\/de\/wp-json\/wp\/v2\/pages\/11580\/revisions"}],"wp:attachment":[{"href":"https:\/\/www.visitdolenjska.eu\/de\/wp-json\/wp\/v2\/media?parent=11580"}],"curies":[{"name":"wp","href":"https:\/\/api.w.org\/{rel}","templated":true}]}}