{"id":6364,"date":"2023-10-05T07:11:06","date_gmt":"2023-10-05T05:11:06","guid":{"rendered":"https:\/\/www.visitdolenjska.eu\/?page_id=6364"},"modified":"2023-11-02T13:06:47","modified_gmt":"2023-11-02T12:06:47","slug":"rechtlicher-hinweis","status":"publish","type":"page","link":"https:\/\/www.visitdolenjska.eu\/de\/rechtlicher-hinweis\/","title":{"rendered":"Rechtlicher Hinweis"},"content":{"rendered":"\n<p>Alle Rechte auf den Webseiten <a href=\"http:\/\/www.visitdolenjska.eu\/\">www.visitdolenjska.eu<\/a> vorbehalten. Alle Informationen und Materialien unterliegen dem Schutz des Urheberrechts oder einer anderen Art von Schutz des geistigen Eigentums der Projektpartner. F\u00fcr die verwendeten Materialien behalten die beteiligten Autoren bzw. andere Tr\u00e4ger von Urheberrechten (Copyright) ihre Rechte auf Reproduktion oder Redistribution. Es wird erwartet, dass alle Personen, die diese Informationen reproduzieren oder redistribuieren, die Bedingungen und Verpflichtungen ber\u00fccksichtigen, die von den Autoren bzw. anderen Tr\u00e4gern von Urheberrechten gefordert werden.&nbsp;<\/p>\n\n\n\n<p>Auf Teilen unserer Webseite werden Sie uns zum Zwecke der Korrespondenz, der Anmeldung auf Webseiten oder des Empfangs von Newslettern Ihre pers\u00f6nliche Daten anvertrauen. Der Ausf\u00fchrende gew\u00e4hrleistet und verpflichtet sich, die ihm anvertrauten pers\u00f6nlichen Daten gem\u00e4\u00df den Bestimmungen der g\u00fcltigen Gesetzgebung vertraulich zu behandeln. Die Daten, die Sie uns anvertrauen, werden nicht an Dritte oder Unbefugte weitergeleitet, sondern nur zu dem Zweck verwendet, zu dem Sie uns die Daten \u00fcbermittelt haben.<\/p>\n","protected":false},"excerpt":{"rendered":"<p>Alle Rechte auf den Webseiten www.visitdolenjska.eu vorbehalten. Alle Informationen und Materialien unterliegen dem Schutz des Urheberrechts oder einer anderen Art von Schutz des geistigen Eigentums der Projektpartner. F\u00fcr die verwendeten Materialien behalten die beteiligten Autoren bzw. andere Tr\u00e4ger von Urheberrechten (Copyright) ihre Rechte auf Reproduktion oder Redistribution. Es wird erwartet, dass alle Personen, die diese [&hellip;]<\/p>\n","protected":false},"author":1,"featured_media":0,"parent":0,"menu_order":0,"comment_status":"closed","ping_status":"open","template":"","meta":{"_acf_changed":false,"footnotes":""},"class_list":["post-6364","page","type-page","status-publish","hentry"],"acf":[],"yoast_head":"<!-- This site is optimized with the Yoast SEO plugin v27.3 - https:\/\/yoast.com\/product\/yoast-seo-wordpress\/ -->\n<title>Rechtlicher Hinweis - VisitDolenjska<\/title>\n<meta name=\"description\" content=\"Alle Rechte auf den Webseiten www.visitdolenjska.eu vorbehalten. Alle Informationen und Materialien unterliegen dem Schutz des Urheberrechts oder einer\" \/>\n<meta name=\"robots\" content=\"noindex, follow\" \/>\n<meta property=\"og:locale\" content=\"de_DE\" \/>\n<meta property=\"og:type\" content=\"article\" \/>\n<meta property=\"og:title\" content=\"Rechtlicher Hinweis - VisitDolenjska\" \/>\n<meta property=\"og:description\" content=\"Alle Rechte auf den Webseiten www.visitdolenjska.eu vorbehalten. Alle Informationen und Materialien unterliegen dem Schutz des Urheberrechts oder einer\" \/>\n<meta property=\"og:url\" content=\"https:\/\/www.visitdolenjska.eu\/de\/rechtlicher-hinweis\/\" \/>\n<meta property=\"og:site_name\" content=\"VisitDolenjska\" \/>\n<meta property=\"article:modified_time\" content=\"2023-11-02T12:06:47+00:00\" \/>\n<meta name=\"twitter:card\" content=\"summary_large_image\" \/>\n<script type=\"application\/ld+json\" class=\"yoast-schema-graph\">{\"@context\":\"https:\\\/\\\/schema.org\",\"@graph\":[{\"@type\":\"WebPage\",\"@id\":\"https:\\\/\\\/www.visitdolenjska.eu\\\/de\\\/rechtlicher-hinweis\\\/\",\"url\":\"https:\\\/\\\/www.visitdolenjska.eu\\\/de\\\/rechtlicher-hinweis\\\/\",\"name\":\"Rechtlicher Hinweis - VisitDolenjska\",\"isPartOf\":{\"@id\":\"https:\\\/\\\/www.visitdolenjska.eu\\\/de\\\/#website\"},\"datePublished\":\"2023-10-05T05:11:06+00:00\",\"dateModified\":\"2023-11-02T12:06:47+00:00\",\"description\":\"Alle Rechte auf den Webseiten www.visitdolenjska.eu vorbehalten. Alle Informationen und Materialien unterliegen dem Schutz des Urheberrechts oder einer\",\"breadcrumb\":{\"@id\":\"https:\\\/\\\/www.visitdolenjska.eu\\\/de\\\/rechtlicher-hinweis\\\/#breadcrumb\"},\"inLanguage\":\"de\",\"potentialAction\":[{\"@type\":\"ReadAction\",\"target\":[\"https:\\\/\\\/www.visitdolenjska.eu\\\/de\\\/rechtlicher-hinweis\\\/\"]}]},{\"@type\":\"BreadcrumbList\",\"@id\":\"https:\\\/\\\/www.visitdolenjska.eu\\\/de\\\/rechtlicher-hinweis\\\/#breadcrumb\",\"itemListElement\":[{\"@type\":\"ListItem\",\"position\":1,\"name\":\"Home\",\"item\":\"https:\\\/\\\/www.visitdolenjska.eu\\\/de\\\/\"},{\"@type\":\"ListItem\",\"position\":2,\"name\":\"Rechtlicher Hinweis\"}]},{\"@type\":\"WebSite\",\"@id\":\"https:\\\/\\\/www.visitdolenjska.eu\\\/de\\\/#website\",\"url\":\"https:\\\/\\\/www.visitdolenjska.eu\\\/de\\\/\",\"name\":\"VisitDolenjska\",\"description\":\"\",\"potentialAction\":[{\"@type\":\"SearchAction\",\"target\":{\"@type\":\"EntryPoint\",\"urlTemplate\":\"https:\\\/\\\/www.visitdolenjska.eu\\\/de\\\/?s={search_term_string}\"},\"query-input\":{\"@type\":\"PropertyValueSpecification\",\"valueRequired\":true,\"valueName\":\"search_term_string\"}}],\"inLanguage\":\"de\"}]}<\/script>\n<!-- \/ Yoast SEO plugin. -->","yoast_head_json":{"title":"Rechtlicher Hinweis - VisitDolenjska","description":"Alle Rechte auf den Webseiten www.visitdolenjska.eu vorbehalten. Alle Informationen und Materialien unterliegen dem Schutz des Urheberrechts oder einer","robots":{"index":"noindex","follow":"follow"},"og_locale":"de_DE","og_type":"article","og_title":"Rechtlicher Hinweis - VisitDolenjska","og_description":"Alle Rechte auf den Webseiten www.visitdolenjska.eu vorbehalten. Alle Informationen und Materialien unterliegen dem Schutz des Urheberrechts oder einer","og_url":"https:\/\/www.visitdolenjska.eu\/de\/rechtlicher-hinweis\/","og_site_name":"VisitDolenjska","article_modified_time":"2023-11-02T12:06:47+00:00","twitter_card":"summary_large_image","schema":{"@context":"https:\/\/schema.org","@graph":[{"@type":"WebPage","@id":"https:\/\/www.visitdolenjska.eu\/de\/rechtlicher-hinweis\/","url":"https:\/\/www.visitdolenjska.eu\/de\/rechtlicher-hinweis\/","name":"Rechtlicher Hinweis - VisitDolenjska","isPartOf":{"@id":"https:\/\/www.visitdolenjska.eu\/de\/#website"},"datePublished":"2023-10-05T05:11:06+00:00","dateModified":"2023-11-02T12:06:47+00:00","description":"Alle Rechte auf den Webseiten www.visitdolenjska.eu vorbehalten. Alle Informationen und Materialien unterliegen dem Schutz des Urheberrechts oder einer","breadcrumb":{"@id":"https:\/\/www.visitdolenjska.eu\/de\/rechtlicher-hinweis\/#breadcrumb"},"inLanguage":"de","potentialAction":[{"@type":"ReadAction","target":["https:\/\/www.visitdolenjska.eu\/de\/rechtlicher-hinweis\/"]}]},{"@type":"BreadcrumbList","@id":"https:\/\/www.visitdolenjska.eu\/de\/rechtlicher-hinweis\/#breadcrumb","itemListElement":[{"@type":"ListItem","position":1,"name":"Home","item":"https:\/\/www.visitdolenjska.eu\/de\/"},{"@type":"ListItem","position":2,"name":"Rechtlicher Hinweis"}]},{"@type":"WebSite","@id":"https:\/\/www.visitdolenjska.eu\/de\/#website","url":"https:\/\/www.visitdolenjska.eu\/de\/","name":"VisitDolenjska","description":"","potentialAction":[{"@type":"SearchAction","target":{"@type":"EntryPoint","urlTemplate":"https:\/\/www.visitdolenjska.eu\/de\/?s={search_term_string}"},"query-input":{"@type":"PropertyValueSpecification","valueRequired":true,"valueName":"search_term_string"}}],"inLanguage":"de"}]}},"_links":{"self":[{"href":"https:\/\/www.visitdolenjska.eu\/de\/wp-json\/wp\/v2\/pages\/6364","targetHints":{"allow":["GET"]}}],"collection":[{"href":"https:\/\/www.visitdolenjska.eu\/de\/wp-json\/wp\/v2\/pages"}],"about":[{"href":"https:\/\/www.visitdolenjska.eu\/de\/wp-json\/wp\/v2\/types\/page"}],"author":[{"embeddable":true,"href":"https:\/\/www.visitdolenjska.eu\/de\/wp-json\/wp\/v2\/users\/1"}],"replies":[{"embeddable":true,"href":"https:\/\/www.visitdolenjska.eu\/de\/wp-json\/wp\/v2\/comments?post=6364"}],"version-history":[{"count":0,"href":"https:\/\/www.visitdolenjska.eu\/de\/wp-json\/wp\/v2\/pages\/6364\/revisions"}],"wp:attachment":[{"href":"https:\/\/www.visitdolenjska.eu\/de\/wp-json\/wp\/v2\/media?parent=6364"}],"curies":[{"name":"wp","href":"https:\/\/api.w.org\/{rel}","templated":true}]}}