{"id":6814,"date":"2023-10-17T11:50:13","date_gmt":"2023-10-17T09:50:13","guid":{"rendered":"https:\/\/www.visitdolenjska.eu\/transportation-connections\/"},"modified":"2025-08-05T14:53:49","modified_gmt":"2025-08-05T12:53:49","slug":"transportation-connections","status":"publish","type":"page","link":"https:\/\/www.visitdolenjska.eu\/en\/transportation-connections\/","title":{"rendered":"Transportation connections"},"content":{"rendered":"\n<h2 class=\"wp-block-heading\"><strong>How to reach us?<\/strong><\/h2>\n\n<p>The easiest way is by car, using the highway that connects Ljubljana and Zagreb, as well as regional road connections. <a href=\"https:\/\/avant2go.si\/\" target=\"_blank\" rel=\"noreferrer noopener\">Car sharing<\/a> services are available in larger towns, and you\u2019ll also find <a href=\"https:\/\/www.visitdolenjska.eu\/en\/offer-subcategory\/ev-charging-stations\/\">charging stations <\/a>for your electric vehicle. <\/p>\n\n<p>Alternatively, you can also take the <a href=\"https:\/\/potniski.sz.si\/\" target=\"_blank\" rel=\"noreferrer noopener\">train<\/a> from Ljubljana to Novo mesto and Metlika.<\/p>\n\n<p>As public transportation, you can also choose the <a href=\"https:\/\/www.nomago.si\/vozovnice\/vozni-red\" target=\"_blank\" rel=\"noreferrer noopener\">bus<\/a>.<\/p>\n\n<p>There are also international airports nearby: <a href=\"https:\/\/www.lju-airport.si\/sl\/\" target=\"_blank\" rel=\"noreferrer noopener\">Ljubljana<\/a> (96 km), <a href=\"https:\/\/www.zagreb-airport.hr\/en\" target=\"_blank\" rel=\"noreferrer noopener\">Zagreb<\/a> (90 km), <a href=\"https:\/\/triesteairport.it\/en\/airport\/\" target=\"_blank\" rel=\"noreferrer noopener\">Trst<\/a> (186 km), <a href=\"https:\/\/www.veneziaairport.it\/en\/\" target=\"_blank\" rel=\"noreferrer noopener\">Benetke<\/a> (295 km).<\/p>\n\n<p>Exploring Dolenjska by motorhome? You&#8217;ll find plenty of convenient <a href=\"https:\/\/www.visitdolenjska.eu\/en\/offer-subcategory\/camper-stop\/\">stopovers<\/a> across the region. <\/p>\n\n<p><\/p>\n","protected":false},"excerpt":{"rendered":"<p>How to reach us? The easiest way is by car, using the highway that connects Ljubljana and Zagreb, as well as regional road connections. Car sharing services are available in larger towns, and you\u2019ll also find charging stations for your electric vehicle. Alternatively, you can also take the train from Ljubljana to Novo mesto and [&hellip;]<\/p>\n","protected":false},"author":1,"featured_media":6609,"parent":0,"menu_order":0,"comment_status":"closed","ping_status":"closed","template":"page-prometne-povezave.php","meta":{"_acf_changed":false,"footnotes":""},"class_list":["post-6814","page","type-page","status-publish","has-post-thumbnail","hentry"],"acf":[],"yoast_head":"<!-- This site is optimized with the Yoast SEO plugin v27.3 - https:\/\/yoast.com\/product\/yoast-seo-wordpress\/ -->\n<title>Transportation connections - VisitDolenjska<\/title>\n<meta name=\"description\" content=\"Odkrijte, kako najla\u017eje priti na Dolenjsko! Informacije o cestnih, \u017eelezni\u0161kih in avtobusnih povezavah ter mo\u017enostih prevoza po regiji.\" \/>\n<meta name=\"robots\" content=\"index, follow, max-snippet:-1, max-image-preview:large, max-video-preview:-1\" \/>\n<link rel=\"canonical\" href=\"https:\/\/www.visitdolenjska.eu\/en\/transportation-connections\/\" \/>\n<meta property=\"og:locale\" content=\"en_US\" \/>\n<meta property=\"og:type\" content=\"article\" \/>\n<meta property=\"og:title\" content=\"Transportation connections - VisitDolenjska\" \/>\n<meta property=\"og:description\" content=\"Odkrijte, kako najla\u017eje priti na Dolenjsko! Informacije o cestnih, \u017eelezni\u0161kih in avtobusnih povezavah ter mo\u017enostih prevoza po regiji.\" \/>\n<meta property=\"og:url\" content=\"https:\/\/www.visitdolenjska.eu\/en\/transportation-connections\/\" \/>\n<meta property=\"og:site_name\" content=\"VisitDolenjska\" \/>\n<meta property=\"article:modified_time\" content=\"2025-08-05T12:53:49+00:00\" \/>\n<meta property=\"og:image\" content=\"https:\/\/www.visitdolenjska.eu\/wp-content\/uploads\/visitdolenjska-pot-trskagora.jpg\" \/>\n\t<meta property=\"og:image:width\" content=\"1024\" \/>\n\t<meta property=\"og:image:height\" content=\"683\" \/>\n\t<meta property=\"og:image:type\" content=\"image\/jpeg\" \/>\n<meta name=\"twitter:card\" content=\"summary_large_image\" \/>\n<script type=\"application\/ld+json\" class=\"yoast-schema-graph\">{\"@context\":\"https:\\\/\\\/schema.org\",\"@graph\":[{\"@type\":\"WebPage\",\"@id\":\"https:\\\/\\\/www.visitdolenjska.eu\\\/en\\\/transportation-connections\\\/\",\"url\":\"https:\\\/\\\/www.visitdolenjska.eu\\\/en\\\/transportation-connections\\\/\",\"name\":\"Transportation connections - VisitDolenjska\",\"isPartOf\":{\"@id\":\"https:\\\/\\\/www.visitdolenjska.eu\\\/en\\\/#website\"},\"primaryImageOfPage\":{\"@id\":\"https:\\\/\\\/www.visitdolenjska.eu\\\/en\\\/transportation-connections\\\/#primaryimage\"},\"image\":{\"@id\":\"https:\\\/\\\/www.visitdolenjska.eu\\\/en\\\/transportation-connections\\\/#primaryimage\"},\"thumbnailUrl\":\"https:\\\/\\\/www.visitdolenjska.eu\\\/wp-content\\\/uploads\\\/visitdolenjska-pot-trskagora.jpg\",\"datePublished\":\"2023-10-17T09:50:13+00:00\",\"dateModified\":\"2025-08-05T12:53:49+00:00\",\"description\":\"Odkrijte, kako najla\u017eje priti na Dolenjsko! Informacije o cestnih, \u017eelezni\u0161kih in avtobusnih povezavah ter mo\u017enostih prevoza po regiji.\",\"breadcrumb\":{\"@id\":\"https:\\\/\\\/www.visitdolenjska.eu\\\/en\\\/transportation-connections\\\/#breadcrumb\"},\"inLanguage\":\"en-US\",\"potentialAction\":[{\"@type\":\"ReadAction\",\"target\":[\"https:\\\/\\\/www.visitdolenjska.eu\\\/en\\\/transportation-connections\\\/\"]}]},{\"@type\":\"ImageObject\",\"inLanguage\":\"en-US\",\"@id\":\"https:\\\/\\\/www.visitdolenjska.eu\\\/en\\\/transportation-connections\\\/#primaryimage\",\"url\":\"https:\\\/\\\/www.visitdolenjska.eu\\\/wp-content\\\/uploads\\\/visitdolenjska-pot-trskagora.jpg\",\"contentUrl\":\"https:\\\/\\\/www.visitdolenjska.eu\\\/wp-content\\\/uploads\\\/visitdolenjska-pot-trskagora.jpg\",\"width\":1024,\"height\":683},{\"@type\":\"BreadcrumbList\",\"@id\":\"https:\\\/\\\/www.visitdolenjska.eu\\\/en\\\/transportation-connections\\\/#breadcrumb\",\"itemListElement\":[{\"@type\":\"ListItem\",\"position\":1,\"name\":\"Home\",\"item\":\"https:\\\/\\\/www.visitdolenjska.eu\\\/en\\\/\"},{\"@type\":\"ListItem\",\"position\":2,\"name\":\"Transportation connections\"}]},{\"@type\":\"WebSite\",\"@id\":\"https:\\\/\\\/www.visitdolenjska.eu\\\/en\\\/#website\",\"url\":\"https:\\\/\\\/www.visitdolenjska.eu\\\/en\\\/\",\"name\":\"VisitDolenjska\",\"description\":\"\",\"potentialAction\":[{\"@type\":\"SearchAction\",\"target\":{\"@type\":\"EntryPoint\",\"urlTemplate\":\"https:\\\/\\\/www.visitdolenjska.eu\\\/en\\\/?s={search_term_string}\"},\"query-input\":{\"@type\":\"PropertyValueSpecification\",\"valueRequired\":true,\"valueName\":\"search_term_string\"}}],\"inLanguage\":\"en-US\"}]}<\/script>\n<!-- \/ Yoast SEO plugin. -->","yoast_head_json":{"title":"Transportation connections - VisitDolenjska","description":"Odkrijte, kako najla\u017eje priti na Dolenjsko! Informacije o cestnih, \u017eelezni\u0161kih in avtobusnih povezavah ter mo\u017enostih prevoza po regiji.","robots":{"index":"index","follow":"follow","max-snippet":"max-snippet:-1","max-image-preview":"max-image-preview:large","max-video-preview":"max-video-preview:-1"},"canonical":"https:\/\/www.visitdolenjska.eu\/en\/transportation-connections\/","og_locale":"en_US","og_type":"article","og_title":"Transportation connections - VisitDolenjska","og_description":"Odkrijte, kako najla\u017eje priti na Dolenjsko! Informacije o cestnih, \u017eelezni\u0161kih in avtobusnih povezavah ter mo\u017enostih prevoza po regiji.","og_url":"https:\/\/www.visitdolenjska.eu\/en\/transportation-connections\/","og_site_name":"VisitDolenjska","article_modified_time":"2025-08-05T12:53:49+00:00","og_image":[{"width":1024,"height":683,"url":"https:\/\/www.visitdolenjska.eu\/wp-content\/uploads\/visitdolenjska-pot-trskagora.jpg","type":"image\/jpeg"}],"twitter_card":"summary_large_image","schema":{"@context":"https:\/\/schema.org","@graph":[{"@type":"WebPage","@id":"https:\/\/www.visitdolenjska.eu\/en\/transportation-connections\/","url":"https:\/\/www.visitdolenjska.eu\/en\/transportation-connections\/","name":"Transportation connections - VisitDolenjska","isPartOf":{"@id":"https:\/\/www.visitdolenjska.eu\/en\/#website"},"primaryImageOfPage":{"@id":"https:\/\/www.visitdolenjska.eu\/en\/transportation-connections\/#primaryimage"},"image":{"@id":"https:\/\/www.visitdolenjska.eu\/en\/transportation-connections\/#primaryimage"},"thumbnailUrl":"https:\/\/www.visitdolenjska.eu\/wp-content\/uploads\/visitdolenjska-pot-trskagora.jpg","datePublished":"2023-10-17T09:50:13+00:00","dateModified":"2025-08-05T12:53:49+00:00","description":"Odkrijte, kako najla\u017eje priti na Dolenjsko! Informacije o cestnih, \u017eelezni\u0161kih in avtobusnih povezavah ter mo\u017enostih prevoza po regiji.","breadcrumb":{"@id":"https:\/\/www.visitdolenjska.eu\/en\/transportation-connections\/#breadcrumb"},"inLanguage":"en-US","potentialAction":[{"@type":"ReadAction","target":["https:\/\/www.visitdolenjska.eu\/en\/transportation-connections\/"]}]},{"@type":"ImageObject","inLanguage":"en-US","@id":"https:\/\/www.visitdolenjska.eu\/en\/transportation-connections\/#primaryimage","url":"https:\/\/www.visitdolenjska.eu\/wp-content\/uploads\/visitdolenjska-pot-trskagora.jpg","contentUrl":"https:\/\/www.visitdolenjska.eu\/wp-content\/uploads\/visitdolenjska-pot-trskagora.jpg","width":1024,"height":683},{"@type":"BreadcrumbList","@id":"https:\/\/www.visitdolenjska.eu\/en\/transportation-connections\/#breadcrumb","itemListElement":[{"@type":"ListItem","position":1,"name":"Home","item":"https:\/\/www.visitdolenjska.eu\/en\/"},{"@type":"ListItem","position":2,"name":"Transportation connections"}]},{"@type":"WebSite","@id":"https:\/\/www.visitdolenjska.eu\/en\/#website","url":"https:\/\/www.visitdolenjska.eu\/en\/","name":"VisitDolenjska","description":"","potentialAction":[{"@type":"SearchAction","target":{"@type":"EntryPoint","urlTemplate":"https:\/\/www.visitdolenjska.eu\/en\/?s={search_term_string}"},"query-input":{"@type":"PropertyValueSpecification","valueRequired":true,"valueName":"search_term_string"}}],"inLanguage":"en-US"}]}},"_links":{"self":[{"href":"https:\/\/www.visitdolenjska.eu\/en\/wp-json\/wp\/v2\/pages\/6814","targetHints":{"allow":["GET"]}}],"collection":[{"href":"https:\/\/www.visitdolenjska.eu\/en\/wp-json\/wp\/v2\/pages"}],"about":[{"href":"https:\/\/www.visitdolenjska.eu\/en\/wp-json\/wp\/v2\/types\/page"}],"author":[{"embeddable":true,"href":"https:\/\/www.visitdolenjska.eu\/en\/wp-json\/wp\/v2\/users\/1"}],"replies":[{"embeddable":true,"href":"https:\/\/www.visitdolenjska.eu\/en\/wp-json\/wp\/v2\/comments?post=6814"}],"version-history":[{"count":0,"href":"https:\/\/www.visitdolenjska.eu\/en\/wp-json\/wp\/v2\/pages\/6814\/revisions"}],"wp:featuredmedia":[{"embeddable":true,"href":"https:\/\/www.visitdolenjska.eu\/en\/wp-json\/wp\/v2\/media\/6609"}],"wp:attachment":[{"href":"https:\/\/www.visitdolenjska.eu\/en\/wp-json\/wp\/v2\/media?parent=6814"}],"curies":[{"name":"wp","href":"https:\/\/api.w.org\/{rel}","templated":true}]}}