{"id":11449,"date":"2024-07-05T10:35:56","date_gmt":"2024-07-05T08:35:56","guid":{"rendered":"https:\/\/www.visitdolenjska.eu\/un-paradiso-per-i-pescatori-nella-regione-della-dolenjska\/"},"modified":"2025-06-23T13:09:09","modified_gmt":"2025-06-23T11:09:09","slug":"un-paradiso-per-i-pescatori-nella-regione-della-dolenjska","status":"publish","type":"page","link":"https:\/\/www.visitdolenjska.eu\/it\/un-paradiso-per-i-pescatori-nella-regione-della-dolenjska\/","title":{"rendered":"Un paradiso per i pescatori nella regione della Dolenjska"},"content":{"rendered":"\n<h3 class=\"wp-block-heading\">Fiume Krka \u2014 un\u2019oasi per la pesca<\/h3>\n\n<p><a href=\"https:\/\/www.visitdolenjska.eu\/it\/offerta\/il-fiume-krka\/\">Il fiume Krka<\/a>, lungo 59\u202fkm, ospita numerose specie ittiche che regalano esperienze di pesca indimenticabili. La alborella (Alburnus alburnus), principale specie ciprinide, insieme alla naso, \u00e8 tra le prede pi\u00f9 apprezzate. I pescatori le catturano spesso con pane e lombrichi da compost, mentre il muschio d\u2019acqua \u00e8 un\u2019esca molto usata. Nelle calde giornate estive, la pesca alla alborella o alla naso, nel cuore di Novo Mesto o nei dintorni di Oto\u010dec, \u00e8 un vero piacere.   <\/p>\n\n<p>La Krka offre anche eccellenti opportunit\u00e0 per la pesca di lucci e siluri. I lucci sono ben presenti nel fiume, rendendo la pesca dinamica e ricca di sorprese. La pesca dalla barca sulla verde bellezza della Krka \u00e8 un piacere speciale, soprattutto durante la pesca di lucci e siluri nelle serate estive.  <\/p>\n\n<h4 class=\"wp-block-heading\">Zone di pesca sul fiume Krka<\/h4>\n\n<ul class=\"wp-block-list\">\n<li><strong>1\u00aa zona di pesca (zona salmonidi): <\/strong>trota fario, trota iridea e ghiozzo.<\/li>\n\n\n\n<li><strong>2\u00aa zona di pesca (zona mista salmonidi-ciprinidi)<\/strong>: trota fario, trota iridea, ghiozzo, nase, alborella, siluro, scardola, cavedano, vairone, barbo, cavedano, aspio, ghiozzo, carpa, tinca e luccio.<\/li>\n<\/ul>\n\n<p>I permessi di pesca possono essere acquistati <a href=\"https:\/\/www.ribiskekarte.si\/\" target=\"_blank\" rel=\"noreferrer noopener\">online<\/a> o presso i punti vendita<a href=\"https:\/\/www.visitdolenjska.eu\/it\/offerta\/associazione-pescatori-di-novo-mesto\/\"> RD Novo mesto.<\/a><\/p>\n\n<p><\/p>\n\n<h3 class=\"wp-block-heading\">Torrente Rade\u0161\u010dica \u2014 ideale per la pesca a mosca<\/h3>\n\n<p>Il torrente Rade\u0161\u010dica \u00e8 uno dei pi\u00f9 popolari affluenti del fiume Krka per la pesca a mosca. La stagione di pesca inizia il 1\u00b0 marzo nella parte superiore del torrente e il 1\u00b0 maggio nella parte inferiore, e si conclude il 30 novembre. Nel Rade\u0161\u010dica vivono trota fario, trota iridea e ghiozzo, che ha un grande potenziale di crescita e sviluppo. <strong>Leggi <a href=\"https:\/\/www.visitdolenjska.eu\/it\/offerta\/pesca\/\">di pi\u00f9.<\/a><\/strong>      <\/p>\n\n<p>Il permesso di pesca costa 34\u202f\u20ac e pu\u00f2 essere acquistato al <a href=\"https:\/\/www.visitdolenjska.eu\/it\/offerta\/pub-pri-mostu\/\">Pub Pri Mostu <\/a>oppure <a href=\"https:\/\/www.ribiskekarte.si\/\" target=\"_blank\" rel=\"noreferrer noopener\">online<\/a>.<\/p>\n\n<p><\/p>\n\n<h3 class=\"wp-block-heading\">Laghetto Blato \u2014 pesca idilliaca<\/h3>\n\n<p>Il laghetto Blato si trova in un ambiente idilliaco vicino a Trebnje e si estende su una superficie di 1,2 ettari. Nel laghetto vivono diverse specie ciprinidi, come carpe, tinche, bremi e lucioperca. Si distinguono in particolare un siluro trofeo (220\u202fcm, 53\u202fkg) e carpe di oltre 10\u202fkg.  <\/p>\n\n<p>Il permesso di pesca costa 16\u202f\u20ac e pu\u00f2 essere acquistato presso i punti vendita fisici di <a href=\"https:\/\/www.visitdolenjska.eu\/it\/offerta\/associazione-pescatori-di-novo-mesto\/\">RD Novo mesto <\/a>oppure <a href=\"https:\/\/www.ribiskekarte.si\/\" target=\"_blank\" rel=\"noreferrer noopener\">online<\/a>.<\/p>\n\n<p><\/p>\n\n<h3 class=\"wp-block-heading\">Torrente Te\u017eka voda \u2014 pesci salmonidi e ciprinidi<\/h3>\n\n<p>Nel torrente Te\u017eka voda si trovano specie ittiche salmonidi e ciprinidi. La stagione di pesca va dal 1\u00b0 aprile al 30 settembre. Il permesso di pesca costa 35\u202f\u20ac e pu\u00f2 essere acquistato <a href=\"https:\/\/www.ribiskekarte.si\/\" target=\"_blank\" rel=\"noreferrer noopener\">online<\/a> o presso punti vendita fisici.    <\/p>\n\n<p><\/p>\n\n<h3 class=\"wp-block-heading\">Fiume Temenica \u2014 un fiume unico con una ricca biodiversit\u00e0<\/h3>\n\n<p>Il fiume Temenica, il pi\u00f9 grande affluente della Krka, \u00e8 noto per il suo corso unico, in cui scompare sottoterra due volte. Nel Temenica vivono trota fario, luccio, cavedano, carpa, tinca, alborella, vairone, scardola e rudd. Il permesso di pesca costa 15\u202f\u20ac ed \u00e8 disponibile <a href=\"https:\/\/www.ribiskekarte.si\/\" target=\"_blank\" rel=\"noreferrer noopener\">online<\/a> o presso punti vendita fisici.  <\/p>\n\n<p><\/p>\n\n<p><\/p>\n","protected":false},"excerpt":{"rendered":"<p>Fiume Krka \u2014 un\u2019oasi per la pesca Il fiume Krka, lungo 59\u202fkm, ospita numerose specie ittiche che regalano esperienze di pesca indimenticabili. La alborella (Alburnus alburnus), principale specie ciprinide, insieme alla naso, \u00e8 tra le prede pi\u00f9 apprezzate. I pescatori le catturano spesso con pane e lombrichi da compost, mentre il muschio d\u2019acqua \u00e8 un\u2019esca [&hellip;]<\/p>\n","protected":false},"author":2,"featured_media":8944,"parent":0,"menu_order":0,"comment_status":"closed","ping_status":"closed","template":"","meta":{"_acf_changed":false,"footnotes":""},"class_list":["post-11449","page","type-page","status-publish","has-post-thumbnail","hentry"],"acf":[],"yoast_head":"<!-- This site is optimized with the Yoast SEO plugin v27.3 - https:\/\/yoast.com\/product\/yoast-seo-wordpress\/ -->\n<title>Un paradiso per i pescatori nella regione della Dolenjska - VisitDolenjska<\/title>\n<meta name=\"description\" content=\"Dolenjska offre diverse opportunit\u00e0 di pesca, da fiumi tranquilli a laghetti idilliaci. I permessi possono essere acquistati online o presso i punti vendita.\" \/>\n<meta name=\"robots\" content=\"index, follow, max-snippet:-1, max-image-preview:large, max-video-preview:-1\" \/>\n<link rel=\"canonical\" href=\"https:\/\/www.visitdolenjska.eu\/it\/un-paradiso-per-i-pescatori-nella-regione-della-dolenjska\/\" \/>\n<meta property=\"og:locale\" content=\"it_IT\" \/>\n<meta property=\"og:type\" content=\"article\" \/>\n<meta property=\"og:title\" content=\"Un paradiso per i pescatori nella regione della Dolenjska - VisitDolenjska\" \/>\n<meta property=\"og:description\" content=\"Dolenjska offre diverse opportunit\u00e0 di pesca, da fiumi tranquilli a laghetti idilliaci. I permessi possono essere acquistati online o presso i punti vendita.\" \/>\n<meta property=\"og:url\" content=\"https:\/\/www.visitdolenjska.eu\/it\/un-paradiso-per-i-pescatori-nella-regione-della-dolenjska\/\" \/>\n<meta property=\"og:site_name\" content=\"VisitDolenjska\" \/>\n<meta property=\"article:modified_time\" content=\"2025-06-23T11:09:09+00:00\" \/>\n<meta property=\"og:image\" content=\"https:\/\/www.visitdolenjska.eu\/wp-content\/uploads\/ribolov-visitdolenjska.jpg\" \/>\n\t<meta property=\"og:image:width\" content=\"800\" \/>\n\t<meta property=\"og:image:height\" content=\"800\" \/>\n\t<meta property=\"og:image:type\" content=\"image\/jpeg\" \/>\n<meta name=\"twitter:card\" content=\"summary_large_image\" \/>\n<script type=\"application\/ld+json\" class=\"yoast-schema-graph\">{\"@context\":\"https:\\\/\\\/schema.org\",\"@graph\":[{\"@type\":\"WebPage\",\"@id\":\"https:\\\/\\\/www.visitdolenjska.eu\\\/it\\\/un-paradiso-per-i-pescatori-nella-regione-della-dolenjska\\\/\",\"url\":\"https:\\\/\\\/www.visitdolenjska.eu\\\/it\\\/un-paradiso-per-i-pescatori-nella-regione-della-dolenjska\\\/\",\"name\":\"Un paradiso per i pescatori nella regione della Dolenjska - VisitDolenjska\",\"isPartOf\":{\"@id\":\"https:\\\/\\\/www.visitdolenjska.eu\\\/it\\\/#website\"},\"primaryImageOfPage\":{\"@id\":\"https:\\\/\\\/www.visitdolenjska.eu\\\/it\\\/un-paradiso-per-i-pescatori-nella-regione-della-dolenjska\\\/#primaryimage\"},\"image\":{\"@id\":\"https:\\\/\\\/www.visitdolenjska.eu\\\/it\\\/un-paradiso-per-i-pescatori-nella-regione-della-dolenjska\\\/#primaryimage\"},\"thumbnailUrl\":\"https:\\\/\\\/www.visitdolenjska.eu\\\/wp-content\\\/uploads\\\/ribolov-visitdolenjska.jpg\",\"datePublished\":\"2024-07-05T08:35:56+00:00\",\"dateModified\":\"2025-06-23T11:09:09+00:00\",\"description\":\"Dolenjska offre diverse opportunit\u00e0 di pesca, da fiumi tranquilli a laghetti idilliaci. I permessi possono essere acquistati online o presso i punti vendita.\",\"breadcrumb\":{\"@id\":\"https:\\\/\\\/www.visitdolenjska.eu\\\/it\\\/un-paradiso-per-i-pescatori-nella-regione-della-dolenjska\\\/#breadcrumb\"},\"inLanguage\":\"it-IT\",\"potentialAction\":[{\"@type\":\"ReadAction\",\"target\":[\"https:\\\/\\\/www.visitdolenjska.eu\\\/it\\\/un-paradiso-per-i-pescatori-nella-regione-della-dolenjska\\\/\"]}]},{\"@type\":\"ImageObject\",\"inLanguage\":\"it-IT\",\"@id\":\"https:\\\/\\\/www.visitdolenjska.eu\\\/it\\\/un-paradiso-per-i-pescatori-nella-regione-della-dolenjska\\\/#primaryimage\",\"url\":\"https:\\\/\\\/www.visitdolenjska.eu\\\/wp-content\\\/uploads\\\/ribolov-visitdolenjska.jpg\",\"contentUrl\":\"https:\\\/\\\/www.visitdolenjska.eu\\\/wp-content\\\/uploads\\\/ribolov-visitdolenjska.jpg\",\"width\":800,\"height\":800},{\"@type\":\"BreadcrumbList\",\"@id\":\"https:\\\/\\\/www.visitdolenjska.eu\\\/it\\\/un-paradiso-per-i-pescatori-nella-regione-della-dolenjska\\\/#breadcrumb\",\"itemListElement\":[{\"@type\":\"ListItem\",\"position\":1,\"name\":\"Home\",\"item\":\"https:\\\/\\\/www.visitdolenjska.eu\\\/it\\\/\"},{\"@type\":\"ListItem\",\"position\":2,\"name\":\"Un paradiso per i pescatori nella regione della Dolenjska\"}]},{\"@type\":\"WebSite\",\"@id\":\"https:\\\/\\\/www.visitdolenjska.eu\\\/it\\\/#website\",\"url\":\"https:\\\/\\\/www.visitdolenjska.eu\\\/it\\\/\",\"name\":\"VisitDolenjska\",\"description\":\"\",\"potentialAction\":[{\"@type\":\"SearchAction\",\"target\":{\"@type\":\"EntryPoint\",\"urlTemplate\":\"https:\\\/\\\/www.visitdolenjska.eu\\\/it\\\/?s={search_term_string}\"},\"query-input\":{\"@type\":\"PropertyValueSpecification\",\"valueRequired\":true,\"valueName\":\"search_term_string\"}}],\"inLanguage\":\"it-IT\"}]}<\/script>\n<!-- \/ Yoast SEO plugin. -->","yoast_head_json":{"title":"Un paradiso per i pescatori nella regione della Dolenjska - VisitDolenjska","description":"Dolenjska offre diverse opportunit\u00e0 di pesca, da fiumi tranquilli a laghetti idilliaci. I permessi possono essere acquistati online o presso i punti vendita.","robots":{"index":"index","follow":"follow","max-snippet":"max-snippet:-1","max-image-preview":"max-image-preview:large","max-video-preview":"max-video-preview:-1"},"canonical":"https:\/\/www.visitdolenjska.eu\/it\/un-paradiso-per-i-pescatori-nella-regione-della-dolenjska\/","og_locale":"it_IT","og_type":"article","og_title":"Un paradiso per i pescatori nella regione della Dolenjska - VisitDolenjska","og_description":"Dolenjska offre diverse opportunit\u00e0 di pesca, da fiumi tranquilli a laghetti idilliaci. I permessi possono essere acquistati online o presso i punti vendita.","og_url":"https:\/\/www.visitdolenjska.eu\/it\/un-paradiso-per-i-pescatori-nella-regione-della-dolenjska\/","og_site_name":"VisitDolenjska","article_modified_time":"2025-06-23T11:09:09+00:00","og_image":[{"width":800,"height":800,"url":"https:\/\/www.visitdolenjska.eu\/wp-content\/uploads\/ribolov-visitdolenjska.jpg","type":"image\/jpeg"}],"twitter_card":"summary_large_image","schema":{"@context":"https:\/\/schema.org","@graph":[{"@type":"WebPage","@id":"https:\/\/www.visitdolenjska.eu\/it\/un-paradiso-per-i-pescatori-nella-regione-della-dolenjska\/","url":"https:\/\/www.visitdolenjska.eu\/it\/un-paradiso-per-i-pescatori-nella-regione-della-dolenjska\/","name":"Un paradiso per i pescatori nella regione della Dolenjska - VisitDolenjska","isPartOf":{"@id":"https:\/\/www.visitdolenjska.eu\/it\/#website"},"primaryImageOfPage":{"@id":"https:\/\/www.visitdolenjska.eu\/it\/un-paradiso-per-i-pescatori-nella-regione-della-dolenjska\/#primaryimage"},"image":{"@id":"https:\/\/www.visitdolenjska.eu\/it\/un-paradiso-per-i-pescatori-nella-regione-della-dolenjska\/#primaryimage"},"thumbnailUrl":"https:\/\/www.visitdolenjska.eu\/wp-content\/uploads\/ribolov-visitdolenjska.jpg","datePublished":"2024-07-05T08:35:56+00:00","dateModified":"2025-06-23T11:09:09+00:00","description":"Dolenjska offre diverse opportunit\u00e0 di pesca, da fiumi tranquilli a laghetti idilliaci. I permessi possono essere acquistati online o presso i punti vendita.","breadcrumb":{"@id":"https:\/\/www.visitdolenjska.eu\/it\/un-paradiso-per-i-pescatori-nella-regione-della-dolenjska\/#breadcrumb"},"inLanguage":"it-IT","potentialAction":[{"@type":"ReadAction","target":["https:\/\/www.visitdolenjska.eu\/it\/un-paradiso-per-i-pescatori-nella-regione-della-dolenjska\/"]}]},{"@type":"ImageObject","inLanguage":"it-IT","@id":"https:\/\/www.visitdolenjska.eu\/it\/un-paradiso-per-i-pescatori-nella-regione-della-dolenjska\/#primaryimage","url":"https:\/\/www.visitdolenjska.eu\/wp-content\/uploads\/ribolov-visitdolenjska.jpg","contentUrl":"https:\/\/www.visitdolenjska.eu\/wp-content\/uploads\/ribolov-visitdolenjska.jpg","width":800,"height":800},{"@type":"BreadcrumbList","@id":"https:\/\/www.visitdolenjska.eu\/it\/un-paradiso-per-i-pescatori-nella-regione-della-dolenjska\/#breadcrumb","itemListElement":[{"@type":"ListItem","position":1,"name":"Home","item":"https:\/\/www.visitdolenjska.eu\/it\/"},{"@type":"ListItem","position":2,"name":"Un paradiso per i pescatori nella regione della Dolenjska"}]},{"@type":"WebSite","@id":"https:\/\/www.visitdolenjska.eu\/it\/#website","url":"https:\/\/www.visitdolenjska.eu\/it\/","name":"VisitDolenjska","description":"","potentialAction":[{"@type":"SearchAction","target":{"@type":"EntryPoint","urlTemplate":"https:\/\/www.visitdolenjska.eu\/it\/?s={search_term_string}"},"query-input":{"@type":"PropertyValueSpecification","valueRequired":true,"valueName":"search_term_string"}}],"inLanguage":"it-IT"}]}},"_links":{"self":[{"href":"https:\/\/www.visitdolenjska.eu\/it\/wp-json\/wp\/v2\/pages\/11449","targetHints":{"allow":["GET"]}}],"collection":[{"href":"https:\/\/www.visitdolenjska.eu\/it\/wp-json\/wp\/v2\/pages"}],"about":[{"href":"https:\/\/www.visitdolenjska.eu\/it\/wp-json\/wp\/v2\/types\/page"}],"author":[{"embeddable":true,"href":"https:\/\/www.visitdolenjska.eu\/it\/wp-json\/wp\/v2\/users\/2"}],"replies":[{"embeddable":true,"href":"https:\/\/www.visitdolenjska.eu\/it\/wp-json\/wp\/v2\/comments?post=11449"}],"version-history":[{"count":0,"href":"https:\/\/www.visitdolenjska.eu\/it\/wp-json\/wp\/v2\/pages\/11449\/revisions"}],"wp:featuredmedia":[{"embeddable":true,"href":"https:\/\/www.visitdolenjska.eu\/it\/wp-json\/wp\/v2\/media\/8944"}],"wp:attachment":[{"href":"https:\/\/www.visitdolenjska.eu\/it\/wp-json\/wp\/v2\/media?parent=11449"}],"curies":[{"name":"wp","href":"https:\/\/api.w.org\/{rel}","templated":true}]}}